{"id":33079,"date":"2024-08-07T23:29:26","date_gmt":"2024-08-07T23:29:26","guid":{"rendered":"https:\/\/royaledental.com\/aviso-de-no-discriminacion\/"},"modified":"2024-08-09T18:45:04","modified_gmt":"2024-08-09T18:45:04","slug":"aviso-de-no-discriminacion","status":"publish","type":"page","link":"https:\/\/royaledental.com\/es\/aviso-de-no-discriminacion\/","title":{"rendered":"Aviso de no discriminaci\u00f3n"},"content":{"rendered":"\n<h1 class=\"wp-block-heading\">Aviso de no discriminaci\u00f3n<\/h1>\n\n<p>Royale Dental cumple con las leyes federales de derechos civiles aplicables y no discrimina por motivos de raza, color, origen nacional, edad, discapacidad, religi\u00f3n o sexo (incluido el embarazo, la orientaci\u00f3n sexual y la identidad de g\u00e9nero).<\/p>\n\n<p>Si cree que Royale Dental no le proporcion\u00f3 estos servicios o lo discrimin\u00f3 de otra manera por motivos de raza, color, origen nacional, edad, discapacidad o sexo, puede presentar una queja ante el Departamento de Salud y Servicios Humanos de EE. UU. Oficina de Derechos Civiles, electr\u00f3nicamente a trav\u00e9s del Portal de Quejas de la Oficina de Derechos Civiles, o por correo o tel\u00e9fono en:<\/p>\n\n<p>U.S. Department of Health and Human Services<br\/>200 Independence Avenue S.W.<br\/>Room 509F, HHH Building<br\/>Washington, D.C. 20201<\/p>\n\n<p>Llamada gratuita: 1-800-368-1019, 1-800-537-7697 (TDD)<\/p>\n","protected":false},"excerpt":{"rendered":"<p>Aviso de no discriminaci\u00f3n Royale Dental cumple con las leyes federales de derechos civiles aplicables y no discrimina por motivos de raza, color, origen nacional, edad, discapacidad, religi\u00f3n o sexo (incluido el embarazo, la orientaci\u00f3n sexual y la identidad de g\u00e9nero). Si cree que Royale Dental no le proporcion\u00f3 estos servicios o lo discrimin\u00f3 de&#8230;<\/p>\n","protected":false},"author":1,"featured_media":0,"parent":0,"menu_order":0,"comment_status":"closed","ping_status":"closed","template":"","meta":{"_acf_changed":false,"footnotes":""},"class_list":["post-33079","page","type-page","status-publish","hentry"],"acf":[],"_links":{"self":[{"href":"https:\/\/royaledental.com\/es\/wp-json\/wp\/v2\/pages\/33079","targetHints":{"allow":["GET"]}}],"collection":[{"href":"https:\/\/royaledental.com\/es\/wp-json\/wp\/v2\/pages"}],"about":[{"href":"https:\/\/royaledental.com\/es\/wp-json\/wp\/v2\/types\/page"}],"author":[{"embeddable":true,"href":"https:\/\/royaledental.com\/es\/wp-json\/wp\/v2\/users\/1"}],"replies":[{"embeddable":true,"href":"https:\/\/royaledental.com\/es\/wp-json\/wp\/v2\/comments?post=33079"}],"version-history":[{"count":2,"href":"https:\/\/royaledental.com\/es\/wp-json\/wp\/v2\/pages\/33079\/revisions"}],"predecessor-version":[{"id":33097,"href":"https:\/\/royaledental.com\/es\/wp-json\/wp\/v2\/pages\/33079\/revisions\/33097"}],"wp:attachment":[{"href":"https:\/\/royaledental.com\/es\/wp-json\/wp\/v2\/media?parent=33079"}],"curies":[{"name":"wp","href":"https:\/\/api.w.org\/{rel}","templated":true}]}}