{"id":33077,"date":"2024-01-01T12:06:46","date_gmt":"2024-01-01T12:06:46","guid":{"rendered":"https:\/\/royaledental.com\/contactos\/"},"modified":"2024-08-09T10:03:43","modified_gmt":"2024-08-09T10:03:43","slug":"contactos","status":"publish","type":"page","link":"https:\/\/royaledental.com\/es\/contactos\/","title":{"rendered":"Contactos"},"content":{"rendered":"\t\t<div data-elementor-type=\"wp-page\" data-elementor-id=\"33077\" class=\"elementor elementor-33077 elementor-1575\" data-elementor-post-type=\"page\">\n\t\t\t\t<div class=\"elementor-element elementor-element-bfbcd9f cmsmasters-section-for-header-yes e-flex e-con-boxed cmsmasters-block-default e-con e-parent\" data-id=\"bfbcd9f\" data-element_type=\"container\" data-settings=\"{&quot;background_background&quot;:&quot;classic&quot;}\">\n\t\t\t\t\t<div class=\"e-con-inner\">\n\t\t<div class=\"elementor-element elementor-element-5d1eaae e-con-full e-flex cmsmasters-bg-hide-none cmsmasters-bg-hide-none cmsmasters-block-default e-con e-child\" data-id=\"5d1eaae\" data-element_type=\"container\" data-settings=\"{&quot;background_background&quot;:&quot;classic&quot;}\">\n\t\t<div class=\"elementor-element elementor-element-796d3c6 e-con-full e-flex cmsmasters-block-default e-con e-child\" data-id=\"796d3c6\" data-element_type=\"container\" data-settings=\"{&quot;background_background&quot;:&quot;classic&quot;}\">\n\t\t\t\t<div class=\"elementor-element elementor-element-5403c41 cmsmasters-block-default cmsmasters-sticky-default elementor-widget elementor-widget-heading\" data-id=\"5403c41\" data-element_type=\"widget\" data-widget_type=\"heading.default\">\n\t\t\t\t<div class=\"elementor-widget-container\">\n\t\t\t\t\t<h6 class=\"elementor-heading-title elementor-size-default\">Contacta con nosotros<\/h6>\t\t\t\t<\/div>\n\t\t\t\t<\/div>\n\t\t\t\t<div class=\"elementor-element elementor-element-f28b285 cmsmasters-block-default cmsmasters-sticky-default elementor-widget elementor-widget-heading\" data-id=\"f28b285\" data-element_type=\"widget\" data-widget_type=\"heading.default\">\n\t\t\t\t<div class=\"elementor-widget-container\">\n\t\t\t\t\t<h1 class=\"elementor-heading-title elementor-size-default\">Cont\u00e1ctenos f\u00e1cilmente en l\u00ednea, por tel\u00e9fono o visitandonos<\/h1>\t\t\t\t<\/div>\n\t\t\t\t<\/div>\n\t\t<div class=\"elementor-element elementor-element-02b1a7b e-flex e-con-boxed cmsmasters-block-default e-con e-child\" data-id=\"02b1a7b\" data-element_type=\"container\">\n\t\t\t\t\t<div class=\"e-con-inner\">\n\t\t\t\t<div class=\"elementor-element elementor-element-0a95e97 cmsmasters-block-default cmsmasters-sticky-default elementor-widget elementor-widget-cmsmasters-button\" data-id=\"0a95e97\" data-element_type=\"widget\" data-widget_type=\"cmsmasters-button.default\">\n\t\t\t\t<div class=\"elementor-widget-container\">\n\t\t\t\t\t<div class=\"elementor-widget-cmsmasters-button__button-container\"><div class=\"elementor-widget-cmsmasters-button__button-container-inner\"><a href=\"https:\/\/www.flexbook.me\/royale\/website\" class=\"cmsmasters-button-link elementor-widget-cmsmasters-button__button cmsmasters-icon-view- cmsmasters-icon-shape- cmsmasters-button-size-sm\" role=\"button\"><span class=\"elementor-widget-cmsmasters-button__content-wrapper cmsmasters-align-icon-\"><span class=\"elementor-widget-cmsmasters-button__text\">Reserva en l\u00ednea<\/span><\/span><\/a><\/div><\/div>\t\t\t\t<\/div>\n\t\t\t\t<\/div>\n\t\t\t\t<div class=\"elementor-element elementor-element-6a9ac20 elementor-widget__width-initial elementor-hidden-mobile elementor-widget-divider--view-line cmsmasters-block-default cmsmasters-sticky-default elementor-widget elementor-widget-divider\" data-id=\"6a9ac20\" data-element_type=\"widget\" data-widget_type=\"divider.default\">\n\t\t\t\t<div class=\"elementor-widget-container\">\n\t\t\t\t\t\t\t<div class=\"elementor-divider\">\n\t\t\t<span class=\"elementor-divider-separator\">\n\t\t\t\t\t\t<\/span>\n\t\t<\/div>\n\t\t\t\t\t\t<\/div>\n\t\t\t\t<\/div>\n\t\t\t\t<div class=\"elementor-element elementor-element-16f4166 cmsmasters-icon-arrangement-together cmsmasters-block-default cmsmasters-sticky-default elementor-widget elementor-widget-cmsmasters-button\" data-id=\"16f4166\" data-element_type=\"widget\" data-widget_type=\"cmsmasters-button.default\">\n\t\t\t\t<div class=\"elementor-widget-container\">\n\t\t\t\t\t<div class=\"elementor-widget-cmsmasters-button__button-container\"><div class=\"elementor-widget-cmsmasters-button__button-container-inner\"><a href=\"tel:+1%20305-885-7767\" class=\"cmsmasters-button-link elementor-widget-cmsmasters-button__button cmsmasters-icon-view-default cmsmasters-icon-shape- cmsmasters-button-size-sm\" role=\"button\"><span class=\"elementor-widget-cmsmasters-button__content-wrapper cmsmasters-align-icon-left\"><span class=\"elementor-widget-cmsmasters-button__icon\"><svg aria-hidden=\"true\" class=\"e-font-icon-svg e-fas-phone-alt\" viewBox=\"0 0 512 512\" xmlns=\"http:\/\/www.w3.org\/2000\/svg\"><path d=\"M497.39 361.8l-112-48a24 24 0 0 0-28 6.9l-49.6 60.6A370.66 370.66 0 0 1 130.6 204.11l60.6-49.6a23.94 23.94 0 0 0 6.9-28l-48-112A24.16 24.16 0 0 0 122.6.61l-104 24A24 24 0 0 0 0 48c0 256.5 207.9 464 464 464a24 24 0 0 0 23.4-18.6l24-104a24.29 24.29 0 0 0-14.01-27.6z\"><\/path><\/svg><\/span><span class=\"elementor-widget-cmsmasters-button__text\">Llama al (305) 885-7767<\/span><\/span><\/a><\/div><\/div>\t\t\t\t<\/div>\n\t\t\t\t<\/div>\n\t\t\t\t\t<\/div>\n\t\t\t\t<\/div>\n\t\t\t\t<\/div>\n\t\t\t\t<\/div>\n\t\t\t\t\t<\/div>\n\t\t\t\t<\/div>\n\t\t<div class=\"elementor-element elementor-element-df6aa9a e-flex e-con-boxed cmsmasters-block-default e-con e-parent\" data-id=\"df6aa9a\" data-element_type=\"container\">\n\t\t\t\t\t<div class=\"e-con-inner\">\n\t\t<div class=\"elementor-element elementor-element-f7d55a7 e-con-full e-flex cmsmasters-block-default e-con e-child\" data-id=\"f7d55a7\" data-element_type=\"container\">\n\t\t\t\t<div class=\"elementor-element elementor-element-4692575 elementor-widget__width-initial cmsmasters-block-default cmsmasters-sticky-default elementor-widget elementor-widget-heading\" data-id=\"4692575\" data-element_type=\"widget\" data-widget_type=\"heading.default\">\n\t\t\t\t<div class=\"elementor-widget-container\">\n\t\t\t\t\t<h2 class=\"elementor-heading-title elementor-size-default\">Informaci\u00f3n de contacto<\/h2>\t\t\t\t<\/div>\n\t\t\t\t<\/div>\n\t\t\t\t<div class=\"elementor-element elementor-element-903439b cmsmasters-block-default cmsmasters-sticky-default elementor-widget elementor-widget-heading\" data-id=\"903439b\" data-element_type=\"widget\" data-widget_type=\"heading.default\">\n\t\t\t\t<div class=\"elementor-widget-container\">\n\t\t\t\t\t<p class=\"elementor-heading-title elementor-size-default\">Obt\u00e9n m\u00e1s informaci\u00f3n sobre nuestra cl\u00ednica y nuestros m\u00e9dicos y por qu\u00e9 conf\u00edan en ellos tantas familias de nuestra comunidad.<\/p>\t\t\t\t<\/div>\n\t\t\t\t<\/div>\n\t\t<div class=\"elementor-element elementor-element-97b007f e-con-full e-flex cmsmasters-block-default e-con e-child\" data-id=\"97b007f\" data-element_type=\"container\">\n\t\t<div class=\"elementor-element elementor-element-6384317 e-con-full e-flex cmsmasters-block-default e-con e-child\" data-id=\"6384317\" data-element_type=\"container\">\n\t\t\t\t<div class=\"elementor-element elementor-element-9bebae7 cmsmasters-block-default cmsmasters-sticky-default elementor-widget elementor-widget-heading\" data-id=\"9bebae7\" data-element_type=\"widget\" data-widget_type=\"heading.default\">\n\t\t\t\t<div class=\"elementor-widget-container\">\n\t\t\t\t\t<div class=\"elementor-heading-title elementor-size-default\">Direcci\u00f3n:<\/div>\t\t\t\t<\/div>\n\t\t\t\t<\/div>\n\t\t\t\t<div class=\"elementor-element elementor-element-6de9392 cmsmasters-block-default cmsmasters-sticky-default elementor-widget elementor-widget-text-editor\" data-id=\"6de9392\" data-element_type=\"widget\" data-widget_type=\"text-editor.default\">\n\t\t\t\t<div class=\"elementor-widget-container\">\n\t\t\t\t\t\t\t\t\t<p>1124 W 29th ST<br \/>Hialeah, FL 33012<\/p>\n\t\t\t\t\t\t\t\t<\/div>\n\t\t\t\t<\/div>\n\t\t\t\t<div class=\"elementor-element elementor-element-3a2af6a cmsmasters-icon-arrangement-together cmsmasters-block-default cmsmasters-sticky-default elementor-widget elementor-widget-cmsmasters-button\" data-id=\"3a2af6a\" data-element_type=\"widget\" data-widget_type=\"cmsmasters-button.default\">\n\t\t\t\t<div class=\"elementor-widget-container\">\n\t\t\t\t\t<div class=\"elementor-widget-cmsmasters-button__button-container\"><div class=\"elementor-widget-cmsmasters-button__button-container-inner\"><a href=\"https:\/\/maps.app.goo.gl\/Bt3E4oSza7hsEQC26\" target=\"_blank\" rel=\"nofollow\" class=\"cmsmasters-button-link elementor-widget-cmsmasters-button__button cmsmasters-icon-view-default cmsmasters-icon-shape- cmsmasters-button-size-sm\" role=\"button\"><span class=\"elementor-widget-cmsmasters-button__content-wrapper cmsmasters-align-icon-right\"><span class=\"elementor-widget-cmsmasters-button__icon\"><i aria-hidden=\"true\" class=\"cmsmsdemo-icon- cmsms-demo-icon-arrow-diagonal\"><\/i><\/span><span class=\"elementor-widget-cmsmasters-button__text\">C\u00f3mo llegar<\/span><\/span><\/a><\/div><\/div>\t\t\t\t<\/div>\n\t\t\t\t<\/div>\n\t\t\t\t<\/div>\n\t\t<div class=\"elementor-element elementor-element-fb75f9a e-con-full e-flex cmsmasters-block-default e-con e-child\" data-id=\"fb75f9a\" data-element_type=\"container\">\n\t\t\t\t<div class=\"elementor-element elementor-element-e6a11ab cmsmasters-block-default cmsmasters-sticky-default elementor-widget elementor-widget-heading\" data-id=\"e6a11ab\" data-element_type=\"widget\" data-widget_type=\"heading.default\">\n\t\t\t\t<div class=\"elementor-widget-container\">\n\t\t\t\t\t<div class=\"elementor-heading-title elementor-size-default\">Horario de servicio:<\/div>\t\t\t\t<\/div>\n\t\t\t\t<\/div>\n\t\t\t\t<div class=\"elementor-element elementor-element-8614973 cmsmasters-block-default cmsmasters-sticky-default elementor-widget elementor-widget-text-editor\" data-id=\"8614973\" data-element_type=\"widget\" data-widget_type=\"text-editor.default\">\n\t\t\t\t<div class=\"elementor-widget-container\">\n\t\t\t\t\t\t\t\t\t<p>Lun-Vie 9:30am &#8211; 6:00pm<\/p>\n\t\t\t\t\t\t\t\t<\/div>\n\t\t\t\t<\/div>\n\t\t\t\t<\/div>\n\t\t\t\t<\/div>\n\t\t\t\t<\/div>\n\t\t<div class=\"elementor-element elementor-element-1d5dfd0 e-con-full e-flex cmsmasters-block-default e-con e-child\" data-id=\"1d5dfd0\" data-element_type=\"container\">\n\t\t\t\t<div class=\"elementor-element elementor-element-3251804 cmsmasters-block-default cmsmasters-sticky-default elementor-widget elementor-widget-cmsmasters-google-maps\" data-id=\"3251804\" data-element_type=\"widget\" data-settings=\"{&quot;address&quot;:&quot;1124 W 29th ST, Hialeah, FL 33012&quot;,&quot;markers&quot;:[{&quot;_id&quot;:&quot;a86261a&quot;,&quot;address_mark&quot;:&quot;1124 W 29th ST, Hialeah, FL 33012&quot;,&quot;coordinates_mark_lat&quot;:null,&quot;coordinates_mark_lng&quot;:null,&quot;mark_icon&quot;:{&quot;url&quot;:&quot;&quot;,&quot;id&quot;:&quot;&quot;,&quot;size&quot;:&quot;&quot;,&quot;alt&quot;:&quot;&quot;,&quot;source&quot;:&quot;library&quot;},&quot;mark_title&quot;:&quot;Royale Dental&quot;,&quot;index&quot;:0,&quot;address_type&quot;:&quot;address&quot;,&quot;animation_marker&quot;:&quot;none&quot;,&quot;mark_desc&quot;:&quot;&quot;,&quot;desc_show&quot;:&quot;no&quot;}],&quot;address_type_global&quot;:&quot;address-g&quot;,&quot;map_type&quot;:&quot;roadmap&quot;,&quot;zoom&quot;:{&quot;unit&quot;:&quot;px&quot;,&quot;size&quot;:15,&quot;sizes&quot;:[]},&quot;map_type_control&quot;:&quot;no&quot;,&quot;street_view_control&quot;:&quot;no&quot;,&quot;fullscreen_control&quot;:&quot;no&quot;,&quot;gesture_handling&quot;:&quot;yes&quot;}\" data-widget_type=\"cmsmasters-google-maps.default\">\n\t\t\t\t<div class=\"elementor-widget-container\">\n\t\t\t\t\t<div class=\"elementor-widget-cmsmasters-google-maps__wrapper\"><\/div>\t\t\t\t<\/div>\n\t\t\t\t<\/div>\n\t\t\t\t<\/div>\n\t\t\t\t\t<\/div>\n\t\t\t\t<\/div>\n\t\t<div class=\"elementor-element elementor-element-a02a696 e-flex e-con-boxed cmsmasters-block-default e-con e-parent\" data-id=\"a02a696\" data-element_type=\"container\">\n\t\t\t\t\t<div class=\"e-con-inner\">\n\t\t<div class=\"elementor-element elementor-element-356fbeb e-con-full e-flex cmsmasters-block-default e-con e-child\" data-id=\"356fbeb\" data-element_type=\"container\">\n\t\t\t\t<div class=\"elementor-element elementor-element-ba6e8c1 cmsmasters-block-default cmsmasters-sticky-default elementor-widget elementor-widget-image\" data-id=\"ba6e8c1\" data-element_type=\"widget\" data-widget_type=\"image.default\">\n\t\t\t\t<div class=\"elementor-widget-container\">\n\t\t\t\t\t\t\t\t\t\t\t\t\t\t\t<img fetchpriority=\"high\" decoding=\"async\" width=\"590\" height=\"700\" src=\"https:\/\/royaledental.com\/wp-content\/uploads\/2024\/01\/contacts-4-30x36.webp\" class=\"attachment-full size-full wp-image-29401 cmsmasters_img cmsmasters-lazyload lazyload\" alt=\"contacts-4\" data-sizes=\"(max-width: 590px) 100vw, 590px\" data-src=\"https:\/\/royaledental.com\/wp-content\/uploads\/2024\/01\/contacts-4.webp\" data-srcset=\"https:\/\/royaledental.com\/wp-content\/uploads\/2024\/01\/contacts-4.webp 590w, https:\/\/royaledental.com\/wp-content\/uploads\/2024\/01\/contacts-4-253x300.webp 253w, https:\/\/royaledental.com\/wp-content\/uploads\/2024\/01\/contacts-4-30x36.webp 30w, https:\/\/royaledental.com\/wp-content\/uploads\/2024\/01\/contacts-4-8x10.webp 8w\" srcset=\"https:\/\/royaledental.com\/wp-content\/uploads\/2024\/01\/contacts-4-30x36.webp 30w, https:\/\/royaledental.com\/wp-content\/uploads\/2024\/01\/contacts-4-253x300.webp 253w, https:\/\/royaledental.com\/wp-content\/uploads\/2024\/01\/contacts-4-8x10.webp 8w, https:\/\/royaledental.com\/wp-content\/uploads\/2024\/01\/contacts-4.webp 590w\" sizes=\"(max-width: 590px) 100vw, 590px\" \/>\t\t\t\t\t\t\t\t\t\t\t\t\t\t\t<\/div>\n\t\t\t\t<\/div>\n\t\t\t\t<\/div>\n\t\t<div class=\"elementor-element elementor-element-27eadba e-con-full e-flex cmsmasters-block-default e-con e-child\" data-id=\"27eadba\" data-element_type=\"container\">\n\t\t\t\t<div class=\"elementor-element elementor-element-806a40b cmsmasters-block-default cmsmasters-sticky-default elementor-widget elementor-widget-heading\" data-id=\"806a40b\" data-element_type=\"widget\" data-widget_type=\"heading.default\">\n\t\t\t\t<div class=\"elementor-widget-container\">\n\t\t\t\t\t<h2 class=\"elementor-heading-title elementor-size-default\">Haz una pregunta<\/h2>\t\t\t\t<\/div>\n\t\t\t\t<\/div>\n\t\t\t\t<div class=\"elementor-element elementor-element-7f9c250 cmsmasters-block-default cmsmasters-sticky-default elementor-widget elementor-widget-text-editor\" data-id=\"7f9c250\" data-element_type=\"widget\" data-widget_type=\"text-editor.default\">\n\t\t\t\t<div class=\"elementor-widget-container\">\n\t\t\t\t\t\t\t\t\t<p>Si tienes alguna duda, puedes ponerte en contacto con nosotros. Por favor, complete el formulario a continuaci\u00f3n.<\/p>\n\t\t\t\t\t\t\t\t<\/div>\n\t\t\t\t<\/div>\n\t\t\t\t<\/div>\n\t\t\t\t\t<\/div>\n\t\t\t\t<\/div>\n\t\t\t\t<\/div>\n\t\t","protected":false},"excerpt":{"rendered":"<p>Contacta con nosotros Cont\u00e1ctenos f\u00e1cilmente en l\u00ednea, por tel\u00e9fono o visitandonos Reserva en l\u00ednea Llama al (305) 885-7767 Informaci\u00f3n de contacto Obt\u00e9n m\u00e1s informaci\u00f3n sobre nuestra cl\u00ednica y nuestros m\u00e9dicos y por qu\u00e9 conf\u00edan en ellos tantas familias de nuestra comunidad. Direcci\u00f3n: 1124 W 29th STHialeah, FL 33012 C\u00f3mo llegar Horario de servicio: Lun-Vie 9:30am&#8230;<\/p>\n","protected":false},"author":1,"featured_media":0,"parent":0,"menu_order":0,"comment_status":"closed","ping_status":"closed","template":"","meta":{"_acf_changed":false,"footnotes":""},"class_list":["post-33077","page","type-page","status-publish","hentry"],"acf":[],"_links":{"self":[{"href":"https:\/\/royaledental.com\/es\/wp-json\/wp\/v2\/pages\/33077","targetHints":{"allow":["GET"]}}],"collection":[{"href":"https:\/\/royaledental.com\/es\/wp-json\/wp\/v2\/pages"}],"about":[{"href":"https:\/\/royaledental.com\/es\/wp-json\/wp\/v2\/types\/page"}],"author":[{"embeddable":true,"href":"https:\/\/royaledental.com\/es\/wp-json\/wp\/v2\/users\/1"}],"replies":[{"embeddable":true,"href":"https:\/\/royaledental.com\/es\/wp-json\/wp\/v2\/comments?post=33077"}],"version-history":[{"count":1,"href":"https:\/\/royaledental.com\/es\/wp-json\/wp\/v2\/pages\/33077\/revisions"}],"predecessor-version":[{"id":33078,"href":"https:\/\/royaledental.com\/es\/wp-json\/wp\/v2\/pages\/33077\/revisions\/33078"}],"wp:attachment":[{"href":"https:\/\/royaledental.com\/es\/wp-json\/wp\/v2\/media?parent=33077"}],"curies":[{"name":"wp","href":"https:\/\/api.w.org\/{rel}","templated":true}]}}